{"id":1072,"date":"2021-01-10T21:52:10","date_gmt":"2021-01-10T18:52:10","guid":{"rendered":"https:\/\/natha.fi\/wp2020\/?page_id=1072"},"modified":"2024-05-10T18:40:16","modified_gmt":"2024-05-10T15:40:16","slug":"kokeilutunnit","status":"publish","type":"page","link":"https:\/\/natha.fi\/wp2020\/kokeilutunnit\/","title":{"rendered":"Maksuttomat kokeilutunnit (lomake)"},"content":{"rendered":"\t\t<div data-elementor-type=\"wp-page\" data-elementor-id=\"1072\" class=\"elementor elementor-1072\" data-elementor-settings=\"[]\">\n\t\t\t\t\t\t<div class=\"elementor-inner\">\n\t\t\t\t\t\t\t<div class=\"elementor-section-wrap\">\n\t\t\t\t\t\t\t<section class=\"elementor-section elementor-top-section elementor-element elementor-element-db913dd elementor-section-full_width elementor-section-height-default elementor-section-height-default\" data-id=\"db913dd\" data-element_type=\"section\">\n\t\t\t\t\t\t<div class=\"elementor-container elementor-column-gap-default\">\n\t\t\t\t\t\t\t<div class=\"elementor-row\">\n\t\t\t\t\t<div class=\"elementor-column elementor-col-100 elementor-top-column elementor-element elementor-element-e4c779d\" data-id=\"e4c779d\" data-element_type=\"column\">\n\t\t\t<div class=\"elementor-column-wrap elementor-element-populated\">\n\t\t\t\t\t\t\t<div class=\"elementor-widget-wrap\">\n\t\t\t\t\t\t<div class=\"elementor-element elementor-element-b996fa0 elementor-widget elementor-widget-image\" data-id=\"b996fa0\" data-element_type=\"widget\" data-widget_type=\"image.default\">\n\t\t\t\t<div class=\"elementor-widget-container\">\n\t\t\t\t\t<div class=\"elementor-image\">\n\t\t\t\t\t\t\t\t\t\t<img width=\"1280\" height=\"651\" src=\"https:\/\/natha.fi\/wp2020\/wp-content\/uploads\/2023\/08\/2023-08-14-12.01.55.jpg\" class=\"attachment-full size-full\" alt=\"\" decoding=\"async\" loading=\"lazy\" srcset=\"https:\/\/natha.fi\/wp2020\/wp-content\/uploads\/2023\/08\/2023-08-14-12.01.55.jpg 1280w, https:\/\/natha.fi\/wp2020\/wp-content\/uploads\/2023\/08\/2023-08-14-12.01.55-300x153.jpg 300w, https:\/\/natha.fi\/wp2020\/wp-content\/uploads\/2023\/08\/2023-08-14-12.01.55-1024x521.jpg 1024w, https:\/\/natha.fi\/wp2020\/wp-content\/uploads\/2023\/08\/2023-08-14-12.01.55-768x391.jpg 768w\" sizes=\"(max-width: 1280px) 100vw, 1280px\" \/>\t\t\t\t\t\t\t\t\t\t\t<\/div>\n\t\t\t\t<\/div>\n\t\t\t\t<\/div>\n\t\t\t\t\t\t<\/div>\n\t\t\t\t\t<\/div>\n\t\t<\/div>\n\t\t\t\t\t\t\t\t<\/div>\n\t\t\t\t\t<\/div>\n\t\t<\/section>\n\t\t\t\t<section class=\"elementor-section elementor-top-section elementor-element elementor-element-0d27afc elementor-section-boxed elementor-section-height-default elementor-section-height-default\" data-id=\"0d27afc\" data-element_type=\"section\">\n\t\t\t\t\t\t<div class=\"elementor-container elementor-column-gap-default\">\n\t\t\t\t\t\t\t<div class=\"elementor-row\">\n\t\t\t\t\t<div class=\"elementor-column elementor-col-100 elementor-top-column elementor-element elementor-element-da19d31\" data-id=\"da19d31\" data-element_type=\"column\">\n\t\t\t<div class=\"elementor-column-wrap\">\n\t\t\t\t\t\t\t<div class=\"elementor-widget-wrap\">\n\t\t\t\t\t\t\t\t<\/div>\n\t\t\t\t\t<\/div>\n\t\t<\/div>\n\t\t\t\t\t\t\t\t<\/div>\n\t\t\t\t\t<\/div>\n\t\t<\/section>\n\t\t\t\t<section class=\"elementor-section elementor-top-section elementor-element elementor-element-4fbd335 elementor-section-boxed elementor-section-height-default elementor-section-height-default\" data-id=\"4fbd335\" data-element_type=\"section\">\n\t\t\t\t\t\t<div class=\"elementor-container elementor-column-gap-default\">\n\t\t\t\t\t\t\t<div class=\"elementor-row\">\n\t\t\t\t\t<div class=\"elementor-column elementor-col-66 elementor-top-column elementor-element elementor-element-507fe5a\" data-id=\"507fe5a\" data-element_type=\"column\">\n\t\t\t<div class=\"elementor-column-wrap elementor-element-populated\">\n\t\t\t\t\t\t\t<div class=\"elementor-widget-wrap\">\n\t\t\t\t\t\t<div class=\"elementor-element elementor-element-6d74dd5 elementor-widget elementor-widget-heading\" data-id=\"6d74dd5\" data-element_type=\"widget\" data-widget_type=\"heading.default\">\n\t\t\t\t<div class=\"elementor-widget-container\">\n\t\t\t<h2 class=\"elementor-heading-title elementor-size-default\">Maksuttomat kokeilutunnit<\/h2>\t\t<\/div>\n\t\t\t\t<\/div>\n\t\t\t\t<div class=\"elementor-element elementor-element-a068b46 elementor-widget elementor-widget-text-editor\" data-id=\"a068b46\" data-element_type=\"widget\" data-widget_type=\"text-editor.default\">\n\t\t\t\t<div class=\"elementor-widget-container\">\n\t\t\t\t\t<div class=\"elementor-text-editor elementor-clearfix\"><h2><strong>Joogan kokeilutunti ke 29.5.2024 klo 18-20.<\/strong><\/h2><div><strong>\u00a0<\/strong><\/div><div><b>M\u00e4kel\u00e4nkatu 56, Helsinki<\/b><br \/><b><br \/><\/b><\/div><p><b>Kokeilutunneilla voit:<\/b><\/p><ul><li><span style=\"font-size: 16px;\">Kokeilla kursseilla teht\u00e4vi\u00e4 harjoituksia<\/span><\/li><li><span style=\"font-size: 16px;\">Oppia kurssien laajasta tieto- ja harjoituspohjasta<\/span><\/li><li><span style=\"font-size: 16px;\">Tavata kurssien opettajia<\/span><\/li><li><span style=\"font-size: 16px;\">Tutustua joogan ja tantran perusperiaatteisiin<\/span><\/li><\/ul><p>Tunnit koostuvat harjoituksista sek\u00e4 lyhyest\u00e4 teoriaosuudesta, jossa esitell\u00e4\u00e4n molempien kurssien sis\u00e4lt\u00f6\u00e4 sek\u00e4 tantran ja joogan perusperiaatteita.<\/p><p><img decoding=\"async\" loading=\"lazy\" class=\"alignright\" style=\"font-style: inherit; caret-color: #000000; color: #000000; font-family: -webkit-standard;\" src=\"http:\/\/natha.fi\/wp2020\/wp-content\/uploads\/2020\/08\/hatha_pari-1-300x156.jpg\" alt=\"\" width=\"300\" height=\"156\" \/><a href=\"https:\/\/natha.fi\/wp2020\/esoteerinen-jooga\/\">Esoteerisen Joogan<\/a> vuosikurssimuotoinen opetus sis\u00e4lt\u00e4\u00e4 joogan eri traditioita yhdist\u00e4v\u00e4n syv\u00e4llisen kokonaisuuden. T\u00e4rkeimpi\u00e4 ovat asanaharjoitus (fyysiset joogaharjoitukset) ja <span style=\"font-size: 16px;\">meditaatio, mutta kurssilla oppit tuomaan joogan rauhan, l\u00e4sn\u00e4olon ja elinvoiman my\u00f6s joogamaton ulkopuolelle jokap\u00e4iv\u00e4iseen el\u00e4m\u00e4\u00e4n.<\/span><\/p><ul><li><h3><strong>Esoteerisen tantran kokeilutunti ke 12.6.2024 klo 18-20<\/strong><\/h3><\/li><\/ul><p><a href=\"https:\/\/natha.fi\/wp2020\/esoteerinen-tantra\/\">Esoteerinen Tantrakurssi<\/a> perustuu joogakurssin tavoin asanoihin ja meditaatioon. Se auttaa soveltamaan tantran periaatteita kaikissa el\u00e4m\u00e4ntilanteissa ja k\u00e4sittelee syv\u00e4llisesti my\u00f6s henkist\u00e4 parisuhdetta. Kurssi alkaa syyskuussa 2024.<\/p><p><span style=\"font-size: 16px;\">Jooga-alustan saat lainaan salilta. Kokeilutunnille ei tarvitse ilmoittautua etuk\u00e4teen.\u00a0<\/span><span style=\"font-size: 16px;\">Lue my\u00f6s:\u00a0<\/span><a style=\"font-size: 16px;\" href=\"https:\/\/natha.fi\/wp2020\/terveyteen-ja-turvallisuuteen-liittyvia-ohjeita\/\" target=\"_blank\" rel=\"noopener\">terveyteen ja turvallisuuteen liittyvi\u00e4 ohjeita<\/a><\/p><\/div>\n\t\t\t\t<\/div>\n\t\t\t\t<\/div>\n\t\t\t\t\t\t<\/div>\n\t\t\t\t\t<\/div>\n\t\t<\/div>\n\t\t\t\t<div class=\"elementor-column elementor-col-33 elementor-top-column elementor-element elementor-element-b38ad92\" data-id=\"b38ad92\" data-element_type=\"column\">\n\t\t\t<div class=\"elementor-column-wrap elementor-element-populated\">\n\t\t\t\t\t\t\t<div class=\"elementor-widget-wrap\">\n\t\t\t\t\t\t<div class=\"elementor-element elementor-element-5f068ab elementor-widget elementor-widget-sidebar\" data-id=\"5f068ab\" data-element_type=\"widget\" data-widget_type=\"sidebar.default\">\n\t\t\t\t<div class=\"elementor-widget-container\">\n\t\t\t<aside id=\"evcalwidget-2\" class=\"widget EvcalWidget\"><div id='evcal_widget' class='evo_widget'><!-- EventON Calendar --><div id='evcal_calendar_888' class='ajde_evcal_calendar sev cev color esty_2 ajax_loading_cal' ><div id='evcal_head' class='calendar_header ' ><div class='evo_cal_above'><span class='evo-gototoday-btn' style='display:none' data-mo='4' data-yr='2026' data-dy=''>Palaa nykyhetkeen<\/span><\/div><div class='evo_cal_above_content'><\/div><div class='evo_header_title '><p id='evcal_cur' class='evo_month_title'> Huhtikuu, 2026<\/p><p class='evo_arrows'><span id='evcal_prev' class='evcal_arrows evcal_btn_prev' ><\/span><span id='evcal_next' class='evcal_arrows evo_arrow_next evcal_btn_next' ><\/span><\/p><\/div><\/div><div id='eventon_loadbar_section'><div id='eventon_loadbar'><\/div><\/div><div class='evo_ajax_load_events'><span><\/span><span><\/span><span><\/span><\/div><!-- Events List --><div id='evcal_list' \r\n\t\t\t\t\tclass='eventon_events_list '>\t\t\t<div class='clear'><\/div>\r\n\t\t\t<\/div>\r\n\t\t\t<div class='clear'><\/div>\r\n\t\t\t\t\t \t<div id='evcal_footer' class='evo_bottom' style='display:none'>\r\n\t\t \t\t<div class='evo_cal_data'  data-sc='{\"accord\":\"no\",\"bottom_nav\":\"no\",\"cal_id\":\"\",\"cal_init_nonajax\":\"no\",\"calendar_type\":\"default\",\"ep_fields\":\"\",\"etc_override\":\"no\",\"evc_open\":\"no\",\"event_count\":\"0\",\"event_location\":\"all\",\"event_order\":\"ASC\",\"event_organizer\":\"all\",\"event_parts\":\"no\",\"event_past_future\":\"all\",\"event_status\":\"all\",\"event_tag\":\"all\",\"event_type\":\"all\",\"event_type_2\":\"all\",\"event_type_3\":\"all\",\"event_type_4\":\"all\",\"event_type_5\":\"all\",\"event_virtual\":\"all\",\"eventtop_date_style\":0,\"eventtop_style\":\"2\",\"exp_jumper\":\"no\",\"exp_so\":\"no\",\"filter_relationship\":\"AND\",\"filter_show_set_only\":\"no\",\"filter_type\":\"default\",\"filters\":\"yes\",\"fixed_month\":\"4\",\"fixed_year\":\"2026\",\"focus_end_date_range\":\"1777593599\",\"focus_start_date_range\":\"1775001600\",\"ft_event_priority\":\"no\",\"hide_arrows\":\"no\",\"hide_cancels\":\"no\",\"hide_empty_months\":\"no\",\"hide_end_time\":\"no\",\"hide_et_dn\":\"no\",\"hide_et_extra\":\"no\",\"hide_et_tags\":\"no\",\"hide_et_tl\":\"no\",\"hide_ft\":\"no\",\"hide_ft_img\":\"no\",\"hide_month_headers\":\"no\",\"hide_mult_occur\":\"no\",\"hide_past\":\"no\",\"hide_past_by\":\"ee\",\"hide_so\":\"no\",\"ics\":\"no\",\"jumper\":\"no\",\"jumper_count\":5,\"jumper_offset\":\"0\",\"lang\":\"L1\",\"layout_changer\":\"no\",\"livenow_bar\":\"yes\",\"mapformat\":\"roadmap\",\"mapiconurl\":\"\",\"maps_load\":\"yes\",\"mapscroll\":\"true\",\"mapzoom\":\"18\",\"members_only\":\"no\",\"ml_priority\":\"no\",\"month_incre\":0,\"number_of_months\":\"1\",\"only_ft\":\"no\",\"pec\":\"\",\"s\":\"\",\"search\":\"\",\"search_all\":\"no\",\"sep_month\":\"no\",\"show_et_ft_img\":\"no\",\"show_limit\":\"no\",\"show_limit_ajax\":\"no\",\"show_limit_paged\":1,\"show_limit_redir\":\"\",\"show_repeats\":\"no\",\"show_upcoming\":\"no\",\"show_year\":\"no\",\"social_share\":\"no\",\"sort_by\":\"sort_date\",\"tile_bg\":0,\"tile_bg_size\":\"full\",\"tile_count\":2,\"tile_height\":0,\"tile_style\":0,\"tiles\":\"no\",\"ux_val\":\"0\",\"view_switcher\":\"no\",\"wpml_l1\":\"\",\"wpml_l2\":\"\",\"wpml_l3\":\"\",\"yl_priority\":\"no\",\"fixed_day\":\"30\",\"_cver\":\"4.3.5\"}' data-od='{\"lang_no_events\":\"Ei tapahtumia\"}'><\/div>\r\n\t\t \t\t<div class='evo_cal_events' data-events=\"\"><\/div>\r\n\t\t \t<\/div>\r\n\t\t\t\t\r\n\t\t\t\r\n\t\t\t\t\t\t<\/div><!-- EventON End -->\r\n\t\t\t<\/div><\/aside>\t\t<\/div>\n\t\t\t\t<\/div>\n\t\t\t\t\t\t<\/div>\n\t\t\t\t\t<\/div>\n\t\t<\/div>\n\t\t\t\t\t\t\t\t<\/div>\n\t\t\t\t\t<\/div>\n\t\t<\/section>\n\t\t\t\t<section class=\"elementor-section elementor-top-section elementor-element elementor-element-4cce499 elementor-section-boxed elementor-section-height-default elementor-section-height-default\" data-id=\"4cce499\" data-element_type=\"section\">\n\t\t\t\t\t\t<div class=\"elementor-container elementor-column-gap-default\">\n\t\t\t\t\t\t\t<div class=\"elementor-row\">\n\t\t\t\t\t<div class=\"elementor-column elementor-col-100 elementor-top-column elementor-element elementor-element-977a7bb\" data-id=\"977a7bb\" data-element_type=\"column\">\n\t\t\t<div class=\"elementor-column-wrap\">\n\t\t\t\t\t\t\t<div class=\"elementor-widget-wrap\">\n\t\t\t\t\t\t\t\t<\/div>\n\t\t\t\t\t<\/div>\n\t\t<\/div>\n\t\t\t\t\t\t\t\t<\/div>\n\t\t\t\t\t<\/div>\n\t\t<\/section>\n\t\t\t\t\t\t<\/div>\n\t\t\t\t\t\t<\/div>\n\t\t\t\t\t<\/div>\n\t\t","protected":false},"excerpt":{"rendered":"<p>Maksuttomat kokeilutunnit Joogan kokeilutunti ke 29.5.2024 klo 18-20. \u00a0M\u00e4kel\u00e4nkatu 56, Helsinki Kokeilutunneilla voit: Kokeilla kursseilla teht\u00e4vi\u00e4 harjoituksia Oppia kurssien laajasta tieto- ja harjoituspohjasta Tavata kurssien opettajia Tutustua joogan ja tantran perusperiaatteisiin Tunnit koostuvat harjoituksista sek\u00e4 lyhyest\u00e4 teoriaosuudesta, jossa esitell\u00e4\u00e4n molempien kurssien sis\u00e4lt\u00f6\u00e4 sek\u00e4 tantran ja joogan perusperiaatteita. Esoteerisen Joogan vuosikurssimuotoinen opetus sis\u00e4lt\u00e4\u00e4 joogan eri traditioita &hellip;<\/p>\n<p class=\"read-more\"> <a class=\"\" href=\"https:\/\/natha.fi\/wp2020\/kokeilutunnit\/\"> <span class=\"screen-reader-text\">Maksuttomat kokeilutunnit (lomake)<\/span> Lue lis\u00e4\u00e4 &raquo;<\/a><\/p>\n","protected":false},"author":2,"featured_media":6669,"parent":0,"menu_order":0,"comment_status":"closed","ping_status":"closed","template":"elementor_header_footer","meta":{"site-sidebar-layout":"no-sidebar","site-content-layout":"page-builder","ast-global-header-display":"","ast-banner-title-visibility":"","ast-main-header-display":"","ast-hfb-above-header-display":"","ast-hfb-below-header-display":"","ast-hfb-mobile-header-display":"","site-post-title":"disabled","ast-breadcrumbs-content":"","ast-featured-img":"disabled","footer-sml-layout":"","theme-transparent-header-meta":"default","adv-header-id-meta":"","stick-header-meta":"default","header-above-stick-meta":"","header-main-stick-meta":"","header-below-stick-meta":""},"_links":{"self":[{"href":"https:\/\/natha.fi\/wp2020\/wp-json\/wp\/v2\/pages\/1072"}],"collection":[{"href":"https:\/\/natha.fi\/wp2020\/wp-json\/wp\/v2\/pages"}],"about":[{"href":"https:\/\/natha.fi\/wp2020\/wp-json\/wp\/v2\/types\/page"}],"author":[{"embeddable":true,"href":"https:\/\/natha.fi\/wp2020\/wp-json\/wp\/v2\/users\/2"}],"replies":[{"embeddable":true,"href":"https:\/\/natha.fi\/wp2020\/wp-json\/wp\/v2\/comments?post=1072"}],"version-history":[{"count":187,"href":"https:\/\/natha.fi\/wp2020\/wp-json\/wp\/v2\/pages\/1072\/revisions"}],"predecessor-version":[{"id":7732,"href":"https:\/\/natha.fi\/wp2020\/wp-json\/wp\/v2\/pages\/1072\/revisions\/7732"}],"wp:featuredmedia":[{"embeddable":true,"href":"https:\/\/natha.fi\/wp2020\/wp-json\/wp\/v2\/media\/6669"}],"wp:attachment":[{"href":"https:\/\/natha.fi\/wp2020\/wp-json\/wp\/v2\/media?parent=1072"}],"curies":[{"name":"wp","href":"https:\/\/api.w.org\/{rel}","templated":true}]}}