{"id":11742,"date":"2026-04-14T19:10:53","date_gmt":"2026-04-14T16:10:53","guid":{"rendered":"https:\/\/natha.fi\/wp2020\/?page_id=11742"},"modified":"2026-04-14T19:39:36","modified_gmt":"2026-04-14T16:39:36","slug":"artikkeleita-tantrasta","status":"publish","type":"page","link":"https:\/\/natha.fi\/wp2020\/artikkeleita-tantrasta\/","title":{"rendered":"Artikkeleita Tantrasta"},"content":{"rendered":"\t\t<div data-elementor-type=\"wp-page\" data-elementor-id=\"11742\" class=\"elementor elementor-11742\" data-elementor-settings=\"[]\">\n\t\t\t\t\t\t<div class=\"elementor-inner\">\n\t\t\t\t\t\t\t<div class=\"elementor-section-wrap\">\n\t\t\t\t\t\t\t<section class=\"elementor-section elementor-top-section elementor-element elementor-element-94ff903 elementor-section-boxed elementor-section-height-default elementor-section-height-default\" data-id=\"94ff903\" data-element_type=\"section\">\n\t\t\t\t\t\t<div class=\"elementor-container elementor-column-gap-default\">\n\t\t\t\t\t\t\t<div class=\"elementor-row\">\n\t\t\t\t\t<div class=\"elementor-column elementor-col-100 elementor-top-column elementor-element elementor-element-c2ff74b\" data-id=\"c2ff74b\" data-element_type=\"column\">\n\t\t\t<div class=\"elementor-column-wrap elementor-element-populated\">\n\t\t\t\t\t\t\t<div class=\"elementor-widget-wrap\">\n\t\t\t\t\t\t<div class=\"elementor-element elementor-element-298d291 elementor-widget elementor-widget-text-editor\" data-id=\"298d291\" data-element_type=\"widget\" data-widget_type=\"text-editor.default\">\n\t\t\t\t<div class=\"elementor-widget-container\">\n\t\t\t\t\t<div class=\"elementor-text-editor elementor-clearfix\"><h2>Artikkeleita tantrasta<\/h2>\n<ul>\n \t<li class=\"western\">\n<h3><a href=\"https:\/\/natha.fi\/wp2020\/mita-tantra-on\/\">Mit\u00e4 tantra on?<\/a><\/h3>\n<\/li>\n \t<li>\n<h3 class=\"entry-title\"><a href=\"https:\/\/natha.fi\/wp2020\/tantra-henkisyytena\/\">Tantra henkisyyten\u00e4<\/a><\/h3>\n<\/li>\n \t<li>\n<h3><a class=\"row-title\" href=\"https:\/\/natha.fi\/wp2020\/tantrinen-elamanasenne\/\" aria-label=\"\u201dTantrinen el\u00e4m\u00e4nasenne\">Tantrinen el\u00e4m\u00e4nasenne<\/a><\/h3>\n<\/li>\n \t<li>\n<h3><a href=\"https:\/\/natha.fi\/wp2020\/rakkaudesta\/\">Rakkaudesta<\/a><\/h3>\n<\/li>\n \t<li>\n<h3 class=\"entry-title\">Ole niin avoin kuin voit eroottisen ekstaasin energialle!<\/h3>\n<\/li>\n \t<li>\n<h3><a class=\"row-title\" href=\"https:\/\/natha.fi\/wp2020\/kamasutra\/\" aria-label=\"\u201dKamasutra\u201d\">Kamasutra<\/a><\/h3>\n<\/li>\n \t<li>\n\n<h3><strong><a class=\"row-title\" href=\"https:\/\/natha.fi\/wp2020\/kamasutran-rakasteluasennot-tantrisesta-nakokulmasta\/\" aria-label=\"\u201dKamasutran rakasteluasennot tantrisesta n\u00e4k\u00f6kulmasta\u201d (Muokkaa)\">Kamasutran rakasteluasennot tantrisesta n\u00e4k\u00f6kulmasta<\/a><\/strong><\/h3>\n\n<\/tbody>\n<\/table>\n<\/li>\n<\/ul>\n<p class=\"western\"><\/p><\/div>\n\t\t\t\t<\/div>\n\t\t\t\t<\/div>\n\t\t\t\t\t\t<\/div>\n\t\t\t\t\t<\/div>\n\t\t<\/div>\n\t\t\t\t\t\t\t\t<\/div>\n\t\t\t\t\t<\/div>\n\t\t<\/section>\n\t\t\t\t\t\t<\/div>\n\t\t\t\t\t\t<\/div>\n\t\t\t\t\t<\/div>\n\t\t","protected":false},"excerpt":{"rendered":"<p>Artikkeleita tantrasta Mit\u00e4 tantra on? Tantra henkisyyten\u00e4 Tantrinen el\u00e4m\u00e4nasenne Rakkaudesta Ole niin avoin kuin voit eroottisen ekstaasin energialle! Kamasutra Kamasutran rakasteluasennot tantrisesta n\u00e4k\u00f6kulmasta<\/p>\n","protected":false},"author":3,"featured_media":0,"parent":0,"menu_order":0,"comment_status":"closed","ping_status":"closed","template":"elementor_header_footer","meta":{"site-sidebar-layout":"no-sidebar","site-content-layout":"page-builder","ast-global-header-display":"","ast-banner-title-visibility":"","ast-main-header-display":"","ast-hfb-above-header-display":"","ast-hfb-below-header-display":"","ast-hfb-mobile-header-display":"","site-post-title":"disabled","ast-breadcrumbs-content":"","ast-featured-img":"disabled","footer-sml-layout":"","theme-transparent-header-meta":"default","adv-header-id-meta":"","stick-header-meta":"default","header-above-stick-meta":"","header-main-stick-meta":"","header-below-stick-meta":""},"_links":{"self":[{"href":"https:\/\/natha.fi\/wp2020\/wp-json\/wp\/v2\/pages\/11742"}],"collection":[{"href":"https:\/\/natha.fi\/wp2020\/wp-json\/wp\/v2\/pages"}],"about":[{"href":"https:\/\/natha.fi\/wp2020\/wp-json\/wp\/v2\/types\/page"}],"author":[{"embeddable":true,"href":"https:\/\/natha.fi\/wp2020\/wp-json\/wp\/v2\/users\/3"}],"replies":[{"embeddable":true,"href":"https:\/\/natha.fi\/wp2020\/wp-json\/wp\/v2\/comments?post=11742"}],"version-history":[{"count":17,"href":"https:\/\/natha.fi\/wp2020\/wp-json\/wp\/v2\/pages\/11742\/revisions"}],"predecessor-version":[{"id":11764,"href":"https:\/\/natha.fi\/wp2020\/wp-json\/wp\/v2\/pages\/11742\/revisions\/11764"}],"wp:attachment":[{"href":"https:\/\/natha.fi\/wp2020\/wp-json\/wp\/v2\/media?parent=11742"}],"curies":[{"name":"wp","href":"https:\/\/api.w.org\/{rel}","templated":true}]}}