{"id":2473,"date":"2021-05-12T13:58:43","date_gmt":"2021-05-12T10:58:43","guid":{"rendered":"https:\/\/natha.fi\/wp2020\/?page_id=2473"},"modified":"2023-08-18T11:44:27","modified_gmt":"2023-08-18T08:44:27","slug":"2-vuosikurssien-maksut-tampere","status":"publish","type":"page","link":"https:\/\/natha.fi\/wp2020\/2-vuosikurssien-maksut-tampere\/","title":{"rendered":"2+ vuosikurssien maksut Tampere"},"content":{"rendered":"\t\t<div data-elementor-type=\"wp-page\" data-elementor-id=\"2473\" class=\"elementor elementor-2473\" data-elementor-settings=\"[]\">\n\t\t\t\t\t\t<div class=\"elementor-inner\">\n\t\t\t\t\t\t\t<div class=\"elementor-section-wrap\">\n\t\t\t\t\t\t\t<section class=\"elementor-section elementor-top-section elementor-element elementor-element-db913dd elementor-section-full_width elementor-section-height-default elementor-section-height-default\" data-id=\"db913dd\" data-element_type=\"section\">\n\t\t\t\t\t\t<div class=\"elementor-container elementor-column-gap-default\">\n\t\t\t\t\t\t\t<div class=\"elementor-row\">\n\t\t\t\t\t<div class=\"elementor-column elementor-col-100 elementor-top-column elementor-element elementor-element-e4c779d\" data-id=\"e4c779d\" data-element_type=\"column\">\n\t\t\t<div class=\"elementor-column-wrap elementor-element-populated\">\n\t\t\t\t\t\t\t<div class=\"elementor-widget-wrap\">\n\t\t\t\t\t\t<div class=\"elementor-element elementor-element-b996fa0 elementor-widget__width-inherit elementor-widget elementor-widget-image\" data-id=\"b996fa0\" data-element_type=\"widget\" data-widget_type=\"image.default\">\n\t\t\t\t<div class=\"elementor-widget-container\">\n\t\t\t\t\t<div class=\"elementor-image\">\n\t\t\t\t\t\t\t\t\t\t<img width=\"2000\" height=\"820\" src=\"https:\/\/natha.fi\/wp2020\/wp-content\/uploads\/2020\/08\/iso-esoteerinen-jooga-1.jpg\" class=\"attachment-full size-full\" alt=\"\" decoding=\"async\" loading=\"lazy\" srcset=\"https:\/\/natha.fi\/wp2020\/wp-content\/uploads\/2020\/08\/iso-esoteerinen-jooga-1.jpg 2000w, https:\/\/natha.fi\/wp2020\/wp-content\/uploads\/2020\/08\/iso-esoteerinen-jooga-1-300x123.jpg 300w, https:\/\/natha.fi\/wp2020\/wp-content\/uploads\/2020\/08\/iso-esoteerinen-jooga-1-1024x420.jpg 1024w, https:\/\/natha.fi\/wp2020\/wp-content\/uploads\/2020\/08\/iso-esoteerinen-jooga-1-768x315.jpg 768w, https:\/\/natha.fi\/wp2020\/wp-content\/uploads\/2020\/08\/iso-esoteerinen-jooga-1-1536x630.jpg 1536w\" sizes=\"(max-width: 2000px) 100vw, 2000px\" \/>\t\t\t\t\t\t\t\t\t\t\t<\/div>\n\t\t\t\t<\/div>\n\t\t\t\t<\/div>\n\t\t\t\t\t\t<\/div>\n\t\t\t\t\t<\/div>\n\t\t<\/div>\n\t\t\t\t\t\t\t\t<\/div>\n\t\t\t\t\t<\/div>\n\t\t<\/section>\n\t\t\t\t<section class=\"elementor-section elementor-top-section elementor-element elementor-element-4fbd335 elementor-section-boxed elementor-section-height-default elementor-section-height-default\" data-id=\"4fbd335\" data-element_type=\"section\">\n\t\t\t\t\t\t<div class=\"elementor-container elementor-column-gap-default\">\n\t\t\t\t\t\t\t<div class=\"elementor-row\">\n\t\t\t\t\t<div class=\"elementor-column elementor-col-66 elementor-top-column elementor-element elementor-element-507fe5a\" data-id=\"507fe5a\" data-element_type=\"column\">\n\t\t\t<div class=\"elementor-column-wrap elementor-element-populated\">\n\t\t\t\t\t\t\t<div class=\"elementor-widget-wrap\">\n\t\t\t\t\t\t<div class=\"elementor-element elementor-element-6d74dd5 elementor-invisible elementor-widget elementor-widget-heading\" data-id=\"6d74dd5\" data-element_type=\"widget\" data-settings=\"{&quot;_animation&quot;:&quot;fadeIn&quot;}\" data-widget_type=\"heading.default\">\n\t\t\t\t<div class=\"elementor-widget-container\">\n\t\t\t<h2 class=\"elementor-heading-title elementor-size-default\">Toisen ja sit\u00e4 ylempien vuosikurssien maksut<\/h2>\t\t<\/div>\n\t\t\t\t<\/div>\n\t\t\t\t<div class=\"elementor-element elementor-element-a068b46 elementor-invisible elementor-widget elementor-widget-text-editor\" data-id=\"a068b46\" data-element_type=\"widget\" data-settings=\"{&quot;_animation&quot;:&quot;fadeIn&quot;}\" data-widget_type=\"text-editor.default\">\n\t\t\t\t<div class=\"elementor-widget-container\">\n\t\t\t\t\t<div class=\"elementor-text-editor elementor-clearfix\"><p><strong>T\u00e4ss\u00e4 voit maksaa Tantrisen joogan ja Esoteerisen tantrakurssin opiskelusi toisella ja sit\u00e4 korkeammilla vuosikursseilla. <br \/><br \/><\/strong>T\u00e4ll\u00e4 sivulla voit maksaa <strong>Tampereen<\/strong> kurssimaksuja, <span style=\"text-decoration: underline;\"><a href=\"https:\/\/natha.fi\/wp2020\/2-vuosikurssien-maksut-helsinki\/\">klikkaa t\u00e4st\u00e4 jos haluat maksaa Helsingin kurssien maksuja.<\/a><\/span><strong><br \/><\/strong><br \/>Hinta on hieman korkeampi, mutta tuntikin on pidempi. Kaikki hinnat ovat yhden kuukauden maksulle. Jos ostat molemmat kurssit yht\u00e4aikaa, saat tantrakurssista 20%-50% paljousalennuksen, joka on alla laskettu valmiiksi.<\/p><p>Jos sinulla on ep\u00e4selv\u00e4\u00e4 oletko oikeutettu tiettyyn alennukseen, ota yhteytt\u00e4 p\u00e4ivyst\u00e4j\u00e4\u00e4n arkisin 15-17.30.<\/p><\/div>\n\t\t\t\t<\/div>\n\t\t\t\t<\/div>\n\t\t\t\t<section class=\"elementor-section elementor-inner-section elementor-element elementor-element-2e680c7 elementor-section-boxed elementor-section-height-default elementor-section-height-default\" data-id=\"2e680c7\" data-element_type=\"section\">\n\t\t\t\t\t\t<div class=\"elementor-container elementor-column-gap-default\">\n\t\t\t\t\t\t\t<div class=\"elementor-row\">\n\t\t\t\t\t<div class=\"elementor-column elementor-col-50 elementor-inner-column elementor-element elementor-element-df08572\" data-id=\"df08572\" data-element_type=\"column\">\n\t\t\t<div class=\"elementor-column-wrap elementor-element-populated\">\n\t\t\t\t\t\t\t<div class=\"elementor-widget-wrap\">\n\t\t\t\t\t\t<div class=\"elementor-element elementor-element-c5c11a6 elementor-widget elementor-widget-image\" data-id=\"c5c11a6\" data-element_type=\"widget\" data-widget_type=\"image.default\">\n\t\t\t\t<div class=\"elementor-widget-container\">\n\t\t\t\t\t<div class=\"elementor-image\">\n\t\t\t\t\t\t\t\t\t\t<img width=\"1024\" height=\"706\" src=\"https:\/\/natha.fi\/wp2020\/wp-content\/uploads\/2021\/02\/meditation-1384758_1280-1024x706.jpg\" class=\"attachment-large size-large\" alt=\"\" decoding=\"async\" loading=\"lazy\" srcset=\"https:\/\/natha.fi\/wp2020\/wp-content\/uploads\/2021\/02\/meditation-1384758_1280-1024x706.jpg 1024w, https:\/\/natha.fi\/wp2020\/wp-content\/uploads\/2021\/02\/meditation-1384758_1280-300x207.jpg 300w, https:\/\/natha.fi\/wp2020\/wp-content\/uploads\/2021\/02\/meditation-1384758_1280-768x529.jpg 768w, https:\/\/natha.fi\/wp2020\/wp-content\/uploads\/2021\/02\/meditation-1384758_1280.jpg 1280w\" sizes=\"(max-width: 1024px) 100vw, 1024px\" \/>\t\t\t\t\t\t\t\t\t\t\t<\/div>\n\t\t\t\t<\/div>\n\t\t\t\t<\/div>\n\t\t\t\t\t\t<\/div>\n\t\t\t\t\t<\/div>\n\t\t<\/div>\n\t\t\t\t<div class=\"elementor-column elementor-col-50 elementor-inner-column elementor-element elementor-element-95f48b6\" data-id=\"95f48b6\" data-element_type=\"column\">\n\t\t\t<div class=\"elementor-column-wrap elementor-element-populated\">\n\t\t\t\t\t\t\t<div class=\"elementor-widget-wrap\">\n\t\t\t\t\t\t<div class=\"elementor-element elementor-element-6f34f5b elementor-widget elementor-widget-shortcode\" data-id=\"6f34f5b\" data-element_type=\"widget\" data-widget_type=\"shortcode.default\">\n\t\t\t\t<div class=\"elementor-widget-container\">\n\t\t\t\t\t<div class=\"elementor-shortcode\"><div class=\"woocommerce\">\t\t\t<div class=\"single-product\" data-product-page-preselected-id=\"0\">\n\t\t\t\t\n<div id=\"product-6716\" class=\"post-6716 product type-product status-publish has-post-thumbnail hentry product_cat-uncategorised ast-article-single ast-woo-product-no-review desktop-align-left tablet-align-left mobile-align-left\">\n\t\t\t<div data-elementor-type=\"jet-woo-builder\" data-elementor-id=\"1520\" class=\"elementor elementor-1520\" data-elementor-settings=\"[]\">\n\t\t\t\t\t\t<div class=\"elementor-inner\">\n\t\t\t\t\t\t\t<div class=\"elementor-section-wrap\">\n\t\t\t\t\t\t\t<section class=\"elementor-section elementor-top-section elementor-element elementor-element-51a90a1 elementor-section-boxed elementor-section-height-default elementor-section-height-default\" data-id=\"51a90a1\" data-element_type=\"section\">\n\t\t\t\t\t\t<div class=\"elementor-container elementor-column-gap-default\">\n\t\t\t\t\t\t\t<div class=\"elementor-row\">\n\t\t\t\t\t<div class=\"elementor-column elementor-col-100 elementor-top-column elementor-element elementor-element-5926687\" data-id=\"5926687\" data-element_type=\"column\">\n\t\t\t<div class=\"elementor-column-wrap elementor-element-populated\">\n\t\t\t\t\t\t\t<div class=\"elementor-widget-wrap\">\n\t\t\t\t\t\t<div class=\"elementor-element elementor-element-59cf218 elementor-widget elementor-widget-jet-single-add-to-cart\" data-id=\"59cf218\" data-element_type=\"widget\" data-widget_type=\"jet-single-add-to-cart.default\">\n\t\t\t\t<div class=\"elementor-widget-container\">\n\t\t\t<div class=\"elementor-jet-single-add-to-cart jet-woo-builder\"><\/div>\t\t<\/div>\n\t\t\t\t<\/div>\n\t\t\t\t\t\t<\/div>\n\t\t\t\t\t<\/div>\n\t\t<\/div>\n\t\t\t\t\t\t\t\t<\/div>\n\t\t\t\t\t<\/div>\n\t\t<\/section>\n\t\t\t\t\t\t<\/div>\n\t\t\t\t\t\t<\/div>\n\t\t\t\t\t<\/div>\n\t\t<\/div>\n\n\t\t\t<\/div>\n\t\t\t<\/div><\/div>\n\t\t\t\t<\/div>\n\t\t\t\t<\/div>\n\t\t\t\t\t\t<\/div>\n\t\t\t\t\t<\/div>\n\t\t<\/div>\n\t\t\t\t\t\t\t\t<\/div>\n\t\t\t\t\t<\/div>\n\t\t<\/section>\n\t\t\t\t\t\t<\/div>\n\t\t\t\t\t<\/div>\n\t\t<\/div>\n\t\t\t\t<div class=\"elementor-column elementor-col-33 elementor-top-column elementor-element elementor-element-b38ad92\" data-id=\"b38ad92\" data-element_type=\"column\">\n\t\t\t<div class=\"elementor-column-wrap elementor-element-populated\">\n\t\t\t\t\t\t\t<div class=\"elementor-widget-wrap\">\n\t\t\t\t\t\t<div class=\"elementor-element elementor-element-5f068ab elementor-invisible elementor-widget elementor-widget-sidebar\" data-id=\"5f068ab\" data-element_type=\"widget\" data-settings=\"{&quot;_animation&quot;:&quot;fadeIn&quot;}\" data-widget_type=\"sidebar.default\">\n\t\t\t\t<div class=\"elementor-widget-container\">\n\t\t\t<aside id=\"evcalwidget-2\" class=\"widget EvcalWidget\"><div id='evcal_widget' class='evo_widget'><!-- EventON Calendar --><div id='evcal_calendar_686' class='ajde_evcal_calendar sev cev color esty_2 ajax_loading_cal' ><div id='evcal_head' class='calendar_header ' ><div class='evo_cal_above'><span class='evo-gototoday-btn' style='display:none' data-mo='4' data-yr='2026' data-dy=''>Palaa nykyhetkeen<\/span><\/div><div class='evo_cal_above_content'><\/div><div class='evo_header_title '><p id='evcal_cur' class='evo_month_title'> Huhtikuu, 2026<\/p><p class='evo_arrows'><span id='evcal_prev' class='evcal_arrows evcal_btn_prev' ><\/span><span id='evcal_next' class='evcal_arrows evo_arrow_next evcal_btn_next' ><\/span><\/p><\/div><\/div><div id='eventon_loadbar_section'><div id='eventon_loadbar'><\/div><\/div><div class='evo_ajax_load_events'><span><\/span><span><\/span><span><\/span><\/div><!-- Events List --><div id='evcal_list' \r\n\t\t\t\t\tclass='eventon_events_list '>\t\t\t<div class='clear'><\/div>\r\n\t\t\t<\/div>\r\n\t\t\t<div class='clear'><\/div>\r\n\t\t\t\t\t \t<div id='evcal_footer' class='evo_bottom' style='display:none'>\r\n\t\t \t\t<div class='evo_cal_data'  data-sc='{\"accord\":\"no\",\"bottom_nav\":\"no\",\"cal_id\":\"\",\"cal_init_nonajax\":\"no\",\"calendar_type\":\"default\",\"ep_fields\":\"\",\"etc_override\":\"no\",\"evc_open\":\"no\",\"event_count\":\"0\",\"event_location\":\"all\",\"event_order\":\"ASC\",\"event_organizer\":\"all\",\"event_parts\":\"no\",\"event_past_future\":\"all\",\"event_status\":\"all\",\"event_tag\":\"all\",\"event_type\":\"all\",\"event_type_2\":\"all\",\"event_type_3\":\"all\",\"event_type_4\":\"all\",\"event_type_5\":\"all\",\"event_virtual\":\"all\",\"eventtop_date_style\":0,\"eventtop_style\":\"2\",\"exp_jumper\":\"no\",\"exp_so\":\"no\",\"filter_relationship\":\"AND\",\"filter_show_set_only\":\"no\",\"filter_type\":\"default\",\"filters\":\"yes\",\"fixed_month\":\"4\",\"fixed_year\":\"2026\",\"focus_end_date_range\":\"1777593599\",\"focus_start_date_range\":\"1775001600\",\"ft_event_priority\":\"no\",\"hide_arrows\":\"no\",\"hide_cancels\":\"no\",\"hide_empty_months\":\"no\",\"hide_end_time\":\"no\",\"hide_et_dn\":\"no\",\"hide_et_extra\":\"no\",\"hide_et_tags\":\"no\",\"hide_et_tl\":\"no\",\"hide_ft\":\"no\",\"hide_ft_img\":\"no\",\"hide_month_headers\":\"no\",\"hide_mult_occur\":\"no\",\"hide_past\":\"no\",\"hide_past_by\":\"ee\",\"hide_so\":\"no\",\"ics\":\"no\",\"jumper\":\"no\",\"jumper_count\":5,\"jumper_offset\":\"0\",\"lang\":\"L1\",\"layout_changer\":\"no\",\"livenow_bar\":\"yes\",\"mapformat\":\"roadmap\",\"mapiconurl\":\"\",\"maps_load\":\"yes\",\"mapscroll\":\"true\",\"mapzoom\":\"18\",\"members_only\":\"no\",\"ml_priority\":\"no\",\"month_incre\":0,\"number_of_months\":\"1\",\"only_ft\":\"no\",\"pec\":\"\",\"s\":\"\",\"search\":\"\",\"search_all\":\"no\",\"sep_month\":\"no\",\"show_et_ft_img\":\"no\",\"show_limit\":\"no\",\"show_limit_ajax\":\"no\",\"show_limit_paged\":1,\"show_limit_redir\":\"\",\"show_repeats\":\"no\",\"show_upcoming\":\"no\",\"show_year\":\"no\",\"social_share\":\"no\",\"sort_by\":\"sort_date\",\"tile_bg\":0,\"tile_bg_size\":\"full\",\"tile_count\":2,\"tile_height\":0,\"tile_style\":0,\"tiles\":\"no\",\"ux_val\":\"0\",\"view_switcher\":\"no\",\"wpml_l1\":\"\",\"wpml_l2\":\"\",\"wpml_l3\":\"\",\"yl_priority\":\"no\",\"fixed_day\":\"22\",\"_cver\":\"4.3.5\"}' data-od='{\"lang_no_events\":\"Ei tapahtumia\"}'><\/div>\r\n\t\t \t\t<div class='evo_cal_events' data-events=\"\"><\/div>\r\n\t\t \t<\/div>\r\n\t\t\t\t\r\n\t\t\t\r\n\t\t\t\t\t\t<\/div><!-- EventON End -->\r\n\t\t\t<\/div><\/aside>\t\t<\/div>\n\t\t\t\t<\/div>\n\t\t\t\t\t\t<\/div>\n\t\t\t\t\t<\/div>\n\t\t<\/div>\n\t\t\t\t\t\t\t\t<\/div>\n\t\t\t\t\t<\/div>\n\t\t<\/section>\n\t\t\t\t\t\t<\/div>\n\t\t\t\t\t\t<\/div>\n\t\t\t\t\t<\/div>\n\t\t","protected":false},"excerpt":{"rendered":"<p>Toisen ja sit\u00e4 ylempien vuosikurssien maksut T\u00e4ss\u00e4 voit maksaa Tantrisen joogan ja Esoteerisen tantrakurssin opiskelusi toisella ja sit\u00e4 korkeammilla vuosikursseilla. T\u00e4ll\u00e4 sivulla voit maksaa Tampereen kurssimaksuja, klikkaa t\u00e4st\u00e4 jos haluat maksaa Helsingin kurssien maksuja.Hinta on hieman korkeampi, mutta tuntikin on pidempi. Kaikki hinnat ovat yhden kuukauden maksulle. Jos ostat molemmat kurssit yht\u00e4aikaa, saat tantrakurssista 20%-50% &hellip;<\/p>\n<p class=\"read-more\"> <a class=\"\" href=\"https:\/\/natha.fi\/wp2020\/product\/2-vuosikurssien-maksut-2023-tre\/\"> <span class=\"screen-reader-text\">2+ vuosikurssien maksut (2023 TRE)<\/span> Lue lis\u00e4\u00e4 &raquo;<\/a><\/p>\n","protected":false},"author":1,"featured_media":0,"parent":0,"menu_order":0,"comment_status":"closed","ping_status":"closed","template":"elementor_header_footer","meta":{"site-sidebar-layout":"no-sidebar","site-content-layout":"page-builder","ast-global-header-display":"","ast-banner-title-visibility":"","ast-main-header-display":"","ast-hfb-above-header-display":"","ast-hfb-below-header-display":"","ast-hfb-mobile-header-display":"","site-post-title":"disabled","ast-breadcrumbs-content":"","ast-featured-img":"disabled","footer-sml-layout":"","theme-transparent-header-meta":"default","adv-header-id-meta":"","stick-header-meta":"default","header-above-stick-meta":"","header-main-stick-meta":"","header-below-stick-meta":""},"_links":{"self":[{"href":"https:\/\/natha.fi\/wp2020\/wp-json\/wp\/v2\/pages\/2473"}],"collection":[{"href":"https:\/\/natha.fi\/wp2020\/wp-json\/wp\/v2\/pages"}],"about":[{"href":"https:\/\/natha.fi\/wp2020\/wp-json\/wp\/v2\/types\/page"}],"author":[{"embeddable":true,"href":"https:\/\/natha.fi\/wp2020\/wp-json\/wp\/v2\/users\/1"}],"replies":[{"embeddable":true,"href":"https:\/\/natha.fi\/wp2020\/wp-json\/wp\/v2\/comments?post=2473"}],"version-history":[{"count":19,"href":"https:\/\/natha.fi\/wp2020\/wp-json\/wp\/v2\/pages\/2473\/revisions"}],"predecessor-version":[{"id":6727,"href":"https:\/\/natha.fi\/wp2020\/wp-json\/wp\/v2\/pages\/2473\/revisions\/6727"}],"wp:attachment":[{"href":"https:\/\/natha.fi\/wp2020\/wp-json\/wp\/v2\/media?parent=2473"}],"curies":[{"name":"wp","href":"https:\/\/api.w.org\/{rel}","templated":true}]}}