{"id":3372,"date":"2021-09-27T18:58:05","date_gmt":"2021-09-27T15:58:05","guid":{"rendered":"https:\/\/natha.fi\/wp2020\/?page_id=3372"},"modified":"2022-03-15T19:31:41","modified_gmt":"2022-03-15T16:31:41","slug":"feminiiniset-arkkityypit","status":"publish","type":"page","link":"https:\/\/natha.fi\/wp2020\/feminiiniset-arkkityypit\/","title":{"rendered":"Feminiiniset arkkityypit"},"content":{"rendered":"\t\t<div data-elementor-type=\"wp-page\" data-elementor-id=\"3372\" class=\"elementor elementor-3372\" data-elementor-settings=\"[]\">\n\t\t\t\t\t\t<div class=\"elementor-inner\">\n\t\t\t\t\t\t\t<div class=\"elementor-section-wrap\">\n\t\t\t\t\t\t\t<section class=\"elementor-section elementor-top-section elementor-element elementor-element-94ff903 elementor-section-boxed elementor-section-height-default elementor-section-height-default\" data-id=\"94ff903\" data-element_type=\"section\">\n\t\t\t\t\t\t<div class=\"elementor-container elementor-column-gap-default\">\n\t\t\t\t\t\t\t<div class=\"elementor-row\">\n\t\t\t\t\t<div class=\"elementor-column elementor-col-100 elementor-top-column elementor-element elementor-element-c2ff74b\" data-id=\"c2ff74b\" data-element_type=\"column\">\n\t\t\t<div class=\"elementor-column-wrap elementor-element-populated\">\n\t\t\t\t\t\t\t<div class=\"elementor-widget-wrap\">\n\t\t\t\t\t\t<div class=\"elementor-element elementor-element-298d291 elementor-widget elementor-widget-text-editor\" data-id=\"298d291\" data-element_type=\"widget\" data-widget_type=\"text-editor.default\">\n\t\t\t\t<div class=\"elementor-widget-container\">\n\t\t\t\t\t<div class=\"elementor-text-editor elementor-clearfix\"><h1><b>Feminiiniset arkkityypit<\/b><\/h1><h2>\u00a0<\/h2><h2 class=\"western\"><b>Kurssi naisille: sielun feminiiniset arkkityypit<\/b><\/h2><h2 class=\"western\"><b>\u00a0<\/b><\/h2><p><img decoding=\"async\" loading=\"lazy\" class=\"alignnone wp-image-3375\" src=\"https:\/\/natha.fi\/wp2020\/wp-content\/uploads\/2021\/09\/Shakti_image3-300x152.png\" alt=\"\" width=\"660\" height=\"334\" \/><\/p><p class=\"western\"><span style=\"color: #181818;\"><span style=\"font-family: Calibri, serif;\"><i>&#8221;I take pleasure in my transformations. I look quiet and consistent, but few know how many women there are in me.\u201d<br \/><\/i><\/span><\/span><span style=\"color: #181818;\"><span style=\"font-family: Calibri, serif;\">\u2015\u00a0<\/span><\/span><span style=\"color: #333333;\"><span style=\"font-family: Calibri, serif;\">Anais Nin<\/span><\/span><\/p><p class=\"western\">Oletko \u00c4iti, Lumoojatar, Sankaritar vai Initioiva nainen? N\u00e4m\u00e4 ja monet muut on sielun arkkityyppej\u00e4 joista jokainen on tie t\u00e4yteen el\u00e4m\u00e4\u00e4n ja Shaktin tilan her\u00e4\u00e4miseen.<\/p><p class=\"western\">Oman vallitsevan arkkityyppins\u00e4 tunnistaminen auttaa naista ymm\u00e4rt\u00e4m\u00e4\u00e4n paremmin itse\u00e4\u00e4n, tunnistamaan vahvuutensa ja l\u00f6yt\u00e4m\u00e4\u00e4n ikioman roolinsa maailmassa.<\/p><p class=\"western\">\u00c4iti-arkkityyppi pit\u00e4\u00e4 huolen ja luo uutta, lumoojatar johdattaa rakkauden saloihin, sankaritar taistelee tiens\u00e4 l\u00e4pi harmaan kiven ja initioiva nainen johdattaa tietoon sek\u00e4 totuuteen.<\/p><p>Helmikuussa alkavalla kurssilla kuljemme sisarellisessa hengess\u00e4 halki arkkityyppien maailman. Kuulemme innostavia luentoja, meditoimme, teemme harmonisoivia harjoituksia ja jaamme kokemuksiamme kannustavassa ja luottamuksellisessa tunnelmassa. Tapaamisten v\u00e4liss\u00e4 teemme yksinkertaisia mutta tehokkaita harjoituksia, jotka t\u00e4ht\u00e4\u00e4v\u00e4t arkkityyppien her\u00e4tt\u00e4miseen.<\/p><p><img decoding=\"async\" loading=\"lazy\" class=\"alignnone wp-image-3376\" src=\"https:\/\/natha.fi\/wp2020\/wp-content\/uploads\/2021\/09\/Shakti_image2-300x300.jpeg\" alt=\"\" width=\"465\" height=\"465\" srcset=\"https:\/\/natha.fi\/wp2020\/wp-content\/uploads\/2021\/09\/Shakti_image2-300x300.jpeg 300w, https:\/\/natha.fi\/wp2020\/wp-content\/uploads\/2021\/09\/Shakti_image2-150x150.jpeg 150w, https:\/\/natha.fi\/wp2020\/wp-content\/uploads\/2021\/09\/Shakti_image2-100x100.jpeg 100w, https:\/\/natha.fi\/wp2020\/wp-content\/uploads\/2021\/09\/Shakti_image2.jpeg 720w\" sizes=\"(max-width: 465px) 100vw, 465px\" \/><\/p><p class=\"western\">Tapaamiset ovat kerran kuussa sunnuntaisin (paitsi la 23.4.) klo 13-16. <br \/>Hinta on 30 eur\/kerta (Nathan oppilaille 20 eur\/kerta). <br \/>Mik\u00e4li maksaa kaikki 9 tapaamista kerralla, hinta on 20\/15 eur\/kerta. <span style=\"font-size: 19px;\">Kurssi alkaa 20.2.2022.<\/span><\/p><p class=\"western\" lang=\"en-GB\">Kev\u00e4tkauden tapaamiset, mukaan voi liitty\u00e4 viel\u00e4 23.4.: <br \/>20.2., 20.3., 23.4.(la), 15.5. ja 12.6. Ilmoittautumiset Nathan sihteerille.<\/p><p class=\"western\">\u00a0<\/p><\/div>\n\t\t\t\t<\/div>\n\t\t\t\t<\/div>\n\t\t\t\t\t\t<\/div>\n\t\t\t\t\t<\/div>\n\t\t<\/div>\n\t\t\t\t\t\t\t\t<\/div>\n\t\t\t\t\t<\/div>\n\t\t<\/section>\n\t\t\t\t\t\t<\/div>\n\t\t\t\t\t\t<\/div>\n\t\t\t\t\t<\/div>\n\t\t","protected":false},"excerpt":{"rendered":"<p>Feminiiniset arkkityypit \u00a0 Kurssi naisille: sielun feminiiniset arkkityypit \u00a0 &#8221;I take pleasure in my transformations. I look quiet and consistent, but few know how many women there are in me.\u201d\u2015\u00a0Anais Nin Oletko \u00c4iti, Lumoojatar, Sankaritar vai Initioiva nainen? N\u00e4m\u00e4 ja monet muut on sielun arkkityyppej\u00e4 joista jokainen on tie t\u00e4yteen el\u00e4m\u00e4\u00e4n ja Shaktin tilan her\u00e4\u00e4miseen. &hellip;<\/p>\n<p class=\"read-more\"> <a class=\"\" href=\"https:\/\/natha.fi\/wp2020\/feminiiniset-arkkityypit\/\"> <span class=\"screen-reader-text\">Feminiiniset arkkityypit<\/span> Lue lis\u00e4\u00e4 &raquo;<\/a><\/p>\n","protected":false},"author":3,"featured_media":0,"parent":0,"menu_order":0,"comment_status":"closed","ping_status":"closed","template":"elementor_header_footer","meta":{"site-sidebar-layout":"no-sidebar","site-content-layout":"page-builder","ast-global-header-display":"","ast-banner-title-visibility":"","ast-main-header-display":"","ast-hfb-above-header-display":"","ast-hfb-below-header-display":"","ast-hfb-mobile-header-display":"","site-post-title":"disabled","ast-breadcrumbs-content":"","ast-featured-img":"disabled","footer-sml-layout":"","theme-transparent-header-meta":"default","adv-header-id-meta":"","stick-header-meta":"default","header-above-stick-meta":"","header-main-stick-meta":"","header-below-stick-meta":""},"_links":{"self":[{"href":"https:\/\/natha.fi\/wp2020\/wp-json\/wp\/v2\/pages\/3372"}],"collection":[{"href":"https:\/\/natha.fi\/wp2020\/wp-json\/wp\/v2\/pages"}],"about":[{"href":"https:\/\/natha.fi\/wp2020\/wp-json\/wp\/v2\/types\/page"}],"author":[{"embeddable":true,"href":"https:\/\/natha.fi\/wp2020\/wp-json\/wp\/v2\/users\/3"}],"replies":[{"embeddable":true,"href":"https:\/\/natha.fi\/wp2020\/wp-json\/wp\/v2\/comments?post=3372"}],"version-history":[{"count":58,"href":"https:\/\/natha.fi\/wp2020\/wp-json\/wp\/v2\/pages\/3372\/revisions"}],"predecessor-version":[{"id":4471,"href":"https:\/\/natha.fi\/wp2020\/wp-json\/wp\/v2\/pages\/3372\/revisions\/4471"}],"wp:attachment":[{"href":"https:\/\/natha.fi\/wp2020\/wp-json\/wp\/v2\/media?parent=3372"}],"curies":[{"name":"wp","href":"https:\/\/api.w.org\/{rel}","templated":true}]}}