{"id":4616,"date":"2022-04-03T14:56:16","date_gmt":"2022-04-03T11:56:16","guid":{"rendered":"https:\/\/natha.fi\/wp2020\/?page_id=4616"},"modified":"2026-03-05T18:03:45","modified_gmt":"2026-03-05T15:03:45","slug":"jooga-ja-tantrakoulu-natha","status":"publish","type":"page","link":"https:\/\/natha.fi\/wp2020\/jooga-ja-tantrakoulu-natha\/","title":{"rendered":"Jooga- ja Tantrakoulu Natha"},"content":{"rendered":"\t\t<div data-elementor-type=\"wp-page\" data-elementor-id=\"4616\" class=\"elementor elementor-4616\" data-elementor-settings=\"[]\">\n\t\t\t\t\t\t<div class=\"elementor-inner\">\n\t\t\t\t\t\t\t<div class=\"elementor-section-wrap\">\n\t\t\t\t\t\t\t<section class=\"elementor-section elementor-top-section elementor-element elementor-element-1f46991c elementor-section-boxed elementor-section-height-default elementor-section-height-default\" data-id=\"1f46991c\" data-element_type=\"section\">\n\t\t\t\t\t\t<div class=\"elementor-container elementor-column-gap-default\">\n\t\t\t\t\t\t\t<div class=\"elementor-row\">\n\t\t\t\t\t<div class=\"elementor-column elementor-col-100 elementor-top-column elementor-element elementor-element-48f4cab5\" data-id=\"48f4cab5\" data-element_type=\"column\">\n\t\t\t<div class=\"elementor-column-wrap elementor-element-populated\">\n\t\t\t\t\t\t\t<div class=\"elementor-widget-wrap\">\n\t\t\t\t\t\t<div class=\"elementor-element elementor-element-33436e71 elementor-widget elementor-widget-text-editor\" data-id=\"33436e71\" data-element_type=\"widget\" data-widget_type=\"text-editor.default\">\n\t\t\t\t<div class=\"elementor-widget-container\">\n\t\t\t\t\t<div class=\"elementor-text-editor elementor-clearfix\"><!-- wp:heading {\"level\":3} -->\n<h3 class=\"wp-block-heading\">Kokonaisvaltainen opetus<\/h3>\n<!-- \/wp:heading --><!-- wp:paragraph -->\n<p>Nathalla opetetaan joogaa ja tantraa niiden perinteisess\u00e4 muodossa, henkisen\u00e4 polkuna. Opetuksen ytimess\u00e4 ovat vuosikurssimuotoiset, monivuotiset jooga- ja tantrakurssit, jotka sis\u00e4lt\u00e4v\u00e4t mm.<\/p>\n<!-- \/wp:paragraph --><!-- wp:list -->\n<ul><!-- wp:list-item -->\n<li>jooga-asentoja (<em>asanat<\/em>)<\/li>\n<!-- \/wp:list-item --><!-- wp:list-item -->\n<li>hengitysharjoituksia (<em>pranayama<\/em>)<\/li>\n<!-- \/wp:list-item --><!-- wp:list-item -->\n<li>meditaatio-menetelmi\u00e4 (erityisesti <em>laya<\/em>-jooga)<\/li>\n<!-- \/wp:list-item --><!-- wp:list-item -->\n<li>teoreettisen ymm\u00e4rryksen tekniikoista ja niiden vaikutuksista hyvinvointiimme ja kehitykseemme.<\/li>\n<!-- \/wp:list-item --><\/ul>\n<!-- \/wp:list --><!-- wp:paragraph -->\n<p>Kurssit tarjoavat my\u00f6s tietoa henkisest\u00e4 el\u00e4m\u00e4ntavasta. Niihin kuuluvat esimerkiksi joogan puhdistustekniikat, ruokavalio ja erotiikka\u00a0osana henkist\u00e4 harjoitusta, sek\u00e4 monet muut joogan ja tantran perinteisiin kuuluvat menetelm\u00e4t. Monivuotinen opetus on ainutlaatuinen mahdollisuus todella syventy\u00e4 joogan ja tantran harjoittamiseen ja saada siit\u00e4 kest\u00e4vi\u00e4 hyv\u00e4\u00e4tekevi\u00e4 vaikutuksia.<\/p>\n<!-- \/wp:paragraph --><!-- wp:heading {\"level\":3} -->\n<h3 class=\"wp-block-heading\">K\u00e4yt\u00e4nn\u00f6llist\u00e4, syv\u00e4llist\u00e4 ja monipuolista<\/h3>\n<!-- \/wp:heading --><!-- wp:paragraph -->\n<p><a href=\"https:\/\/natha.fi\/wp2020\/esoteerinen-jooga\/\">Esoteerisen joogan<\/a>\u00a0ja\u00a0<a href=\"https:\/\/natha.fi\/wp2020\/esoteerinen-tantra\/\">Esoteerisen tantran kurssin<\/a>\u00a0lis\u00e4ksi Nathalla on tarjolla monia muita n\u00e4ihin aiheisiin liittyvi\u00e4 kursseja.\u00a0<a href=\"https:\/\/natha.fi\/wp2020\/hathajooga\/\">Hatha jooga<\/a>\u00a0keskittyy ainoastaan harjoituksiin: se sis\u00e4lt\u00e4\u00e4 jooga-asentoja (<em>asana<\/em>), rentoutumisen ja meditaation. Lis\u00e4ksi Natha tarjoaa kursseja muun muassa\u00a0ayurvedasta,\u00a0<a href=\"https:\/\/natha.fi\/wp2020\/kashmirin-shaivismi\/\">Kashmirin shaivismista<\/a>, esoteerisesta alkemiasta ja I-Chingist\u00e4.<\/p>\n<!-- \/wp:paragraph --><!-- wp:paragraph -->\n<p><a href=\"https:\/\/natha.fi\/wp2020\/tantratyopajat\/\">Eroottisen tantran ty\u00f6pajat<\/a>\u00a0johdattavat viikonloppuisin osallistujat tantraan parisuhteen ja rakastelun n\u00e4k\u00f6kulmasta.\u00a0Tantraa naisille\u00a0ja miesten Mahavira Ananda -ryhm\u00e4t auttavat voimistamaan omia naisellisia tai maskuliinisia piirteit\u00e4 henkisell\u00e4 tavalla.<\/p>\n<!-- \/wp:paragraph --><!-- wp:heading {\"level\":3} -->\n<h3 class=\"wp-block-heading\">Tapahtumat ja yhteis\u00f6<\/h3>\n<!-- \/wp:heading --><!-- wp:paragraph -->\n<p>Yhdess\u00e4 harjoittelemalla, opiskelemalla ja ty\u00f6skentelem\u00e4ll\u00e4, opimme tuntemaan toisemme paremmin, tuemme toinen toisiamme henkisiss\u00e4 pyrkimyksiss\u00e4mme ja kasvamme siten yhdess\u00e4. Yhdess\u00e4 syntyv\u00e4t my\u00f6s taiteelliset esityksemme ja iloiset juhlamme, kuten\u00a0<a href=\"https:\/\/www.facebook.com\/Tantric-Heart-Celebration-1400060096926408\/\" target=\"_blank\" rel=\"noreferrer noopener\">Tantric Heart Celebration<\/a>, jotka tarjoavat l\u00e4mpim\u00e4n ja rennon ilmapiirin joogan ja tantran nauttimiseksi leikkisiss\u00e4, taiteellisissa hetkiss\u00e4.<\/p>\n<!-- \/wp:paragraph --><!-- wp:paragraph -->\n<p>Kaikki Nathan kurssit ja tapahtumat toteutetaan vapaaehtoisty\u00f6n\u00e4, koska Natha Finland ry on voittoa tavoittelematon yhdistys, jolla on vain yksi palkattu ty\u00f6ntekij\u00e4. Kaikki oppilaat ovat tervetulleita osallistumaan koulun toimintaan my\u00f6s vapaaehtoisty\u00f6n kautta. \u00a0<\/p>\n<!-- \/wp:paragraph --><!-- wp:heading {\"level\":3} -->\n<h3 class=\"wp-block-heading\">Osa yht\u00e4 Euroopan suurimmista joogaliikkeist\u00e4<\/h3>\n<!-- \/wp:heading --><!-- wp:paragraph -->\n<p>Nathan henkinen mentori on romanialainen Ruotsissa asuva joogaopettaja\u00a0Gregorian Bivolaru\u00a0(synt. 1952), jota kutsutaan my\u00f6s nimell\u00e4 Grieg. H\u00e4nen opetuksiaan seuraa eri puolilla maailmaa kymmeni\u00e4 tuhansia oppilaita. T\u00e4t\u00e4 kansainv\u00e4list\u00e4 itsen\u00e4isten joogakoulujen muodostamaa verkostoa koordinoi\u00a0<a href=\"http:\/\/www.atmanyogafederation.org\/\" target=\"_blank\" rel=\"noreferrer noopener\">ATMAN-liitto<\/a>. Kaikki Nathan opettajat ovat k\u00e4yneet ATMAN-liiton kaksi- tai kolmivuotisen kattavan\u00a0<a href=\"http:\/\/www.atmanyogafederation.org\/atman\/yoga-teacher-training-courses\/\" target=\"_blank\" rel=\"noreferrer noopener\">joogaopettajakoulutuksen<\/a>. ATMAN-liitto tarjoa my\u00f6s\u00a0<a href=\"http:\/\/yogaonlineacademy.com\/\" target=\"_blank\" rel=\"noreferrer noopener\">online-joogaa<\/a>\u00a0useilla eri kielill\u00e4.<br \/><a href=\"https:\/\/atmanyogafederation.org\/#who-we-are\">ATMAN-liiton missio (englanniksi).<\/a><br \/><a href=\"https:\/\/atmanyogafederation.org\/experts-about-atman\/\">Asiantuntijoiden lausuntoja<\/a> Atman-liiton opetuksesta.<\/p>\n<!-- \/wp:paragraph --><!-- wp:heading {\"level\":3} -->\n<h3 class=\"wp-block-heading\">Lineage (perimyslinja)<\/h3>\n<!-- \/wp:heading --><!-- wp:paragraph -->\n<p>From the standpoint of the yoga tradition, the courses of integral esoteric yoga offered by Natha and other member schools of ATMAN (The International Federation of Yoga and Meditation) are aligned with the\u00a0<strong>Gupta Maha Siddha Yoga<\/strong>\u00a0lineage, an esoteric tradition of a high spiritual accomplishment and of the profound, ineffable communion with God.<\/p>\n<!-- \/wp:paragraph --><!-- wp:paragraph -->\n<p>By dynamising and ascending the endless inner energy Kundalini Shakti, the yogi on the path of Gupta Maha Siddha Yoga can enter and maintain an ineffable state of communion with the clearly superior sublime energies of the macrocosmic life and manifestation. Thus, Gupta Maha Siddha Yoga can be rightfully speaking considered a genuine art of living and existing in a deified fashion.<\/p>\n<!-- \/wp:paragraph --><!-- wp:paragraph -->\n<p>The specific methodology of this doctrine, largely kept secret, can be applied only by those yogis who are capable of controlling the endless colossal occult energy Kundalini Shakti and ascending it at will. They can then transfer into the being of other aspirants the ineffable spiritual states that they exemplify by means of Kundalini Shakti.<\/p>\n<!-- \/wp:paragraph --><!-- wp:paragraph -->\n<p>Beyond belonging to this traditional lineage, we can assert that the teachings of Natha as part of ATMAN (The International Federation of Yoga and Meditation), aim to synthesise all that is godly inspired and fundamental in the known authentic spiritual traditions, in order to offer to all those, who are suitably prepared and receptive, direct new and ancient ways of transformation and spiritual realisation that are accessible on their current level.<\/p>\n<!-- \/wp:paragraph --><!-- wp:paragraph -->\n<p><strong>Natha Finland Ry<\/strong><\/p>\n<!-- \/wp:paragraph --><!-- wp:list -->\n<ul><!-- wp:list-item -->\n<li><strong>Joogan lajit:<\/strong>\u00a0Esoteerinen jooga, hatha jooga, tantra, meditaatio, karmajooga, laya-jooga, raja-jooga, siddha-jooga, jnana-jooga, tiibetil\u00e4inen jooga, svara-jooga ja monet muut<\/li>\n<!-- \/wp:list-item --><!-- wp:list-item -->\n<li><strong>Perustettu:<\/strong>\u00a01997<\/li>\n<!-- \/wp:list-item --><!-- wp:list-item -->\n<li><strong>Perustaja:<\/strong>\u00a0Swami Mahalayananda Saraswati<\/li>\n<!-- \/wp:list-item --><!-- wp:list-item -->\n<li><strong>Joogaopettajia:\u00a0<\/strong>n. 15<\/li>\n<!-- \/wp:list-item --><!-- wp:list-item -->\n<li><strong>Tilat Helsingiss\u00e4:<\/strong>\u00a0n. 300 m<sup>2<\/sup>\u00a0<a href=\"https:\/\/natha.fi\/wp2020\/joogasalien-vuokraus\/\">M\u00e4kel\u00e4nkatu 56<\/a><\/li>\n<!-- \/wp:list-item --><!-- wp:list-item -->\n<li><strong>Netti:<\/strong>\u00a0<a href=\"http:\/\/natha.fi\/fi\">natha.fi\u00a0<\/a>&amp;\u00a0<a href=\"http:\/\/tantra.fi\/\">tantra.fi<\/a><\/li>\n<!-- \/wp:list-item --><!-- wp:list-item -->\n<li><strong>Puh:<\/strong>\u00a0+358\u00a050 452 0577<\/li>\n<!-- \/wp:list-item --><!-- wp:list-item -->\n<li><strong>Pressi:<\/strong>\u00a0<a href=\"https:\/\/natha.fi\/node\/386\">natha.fi\/medialle<\/a><\/li>\n<!-- \/wp:list-item --><\/ul>\n<!-- \/wp:list --><!-- wp:image {\"id\":4629,\"sizeSlug\":\"large\",\"linkDestination\":\"none\"} -->\n<figure class=\"wp-block-image size-large\"><a href=\"https:\/\/atmanyogafederation.org\"><img decoding=\"async\" loading=\"lazy\" width=\"430\" height=\"156\" class=\"wp-image-4629\" src=\"https:\/\/natha.fi\/wp2020\/wp-content\/uploads\/2022\/04\/atman-header-logo.jpg\" alt=\"atman-liitto\" srcset=\"https:\/\/natha.fi\/wp2020\/wp-content\/uploads\/2022\/04\/atman-header-logo.jpg 430w, https:\/\/natha.fi\/wp2020\/wp-content\/uploads\/2022\/04\/atman-header-logo-300x109.jpg 300w\" sizes=\"(max-width: 430px) 100vw, 430px\" \/><\/a><\/figure>\n<!-- \/wp:image --><!-- wp:heading {\"level\":3} -->\n<h3 class=\"wp-block-heading\"><a href=\"https:\/\/atmanyogafederation.org\/members\/\" data-type=\"URL\" data-id=\"https:\/\/atmanyogafederation.org\/members\/\">Sisarkoulumme maailmalla<\/a><\/h3>\n<!-- \/wp:heading --><!-- wp:image {\"id\":4631,\"width\":429,\"height\":104,\"sizeSlug\":\"large\",\"linkDestination\":\"none\"} -->\n<figure class=\"wp-block-image size-large is-resized\"><a href=\"https:\/\/onlineyogaacademy.com\"><img decoding=\"async\" loading=\"lazy\" class=\"wp-image-4631\" src=\"https:\/\/natha.fi\/wp2020\/wp-content\/uploads\/2022\/04\/atman-online-yoga.jpg\" alt=\"\" width=\"429\" height=\"104\" \/><\/a><\/figure>\n<!-- \/wp:image --><!-- wp:heading {\"level\":3} -->\n<h3 class=\"wp-block-heading\"><a href=\"https:\/\/tabere.misa.yoga\/en\/\">MISA Yoga Camps<\/a> &#8211;\u00a0Kansainv\u00e4liset joogaleirit Romaniassa<\/h3>\n<!-- \/wp:heading --><!-- wp:image {\"id\":4632,\"width\":383,\"height\":93,\"sizeSlug\":\"large\",\"linkDestination\":\"none\"} -->\n<figure class=\"wp-block-image size-large is-resized\"><a href=\"https:\/\/misatv.ro\/live\/\"><img decoding=\"async\" loading=\"lazy\" class=\"wp-image-4632\" src=\"https:\/\/natha.fi\/wp2020\/wp-content\/uploads\/2022\/04\/misatv-button.jpg\" alt=\"\" width=\"383\" height=\"93\" \/><\/a><\/figure>\n<!-- \/wp:image --><!-- wp:heading {\"level\":3} -->\n<h3 class=\"wp-block-heading\"><a href=\"https:\/\/misatv.ro\/live\/\" data-type=\"URL\">MISA TV<\/a> &#8211; Yhteismeditaatioita sek\u00e4 muuta ohjelmaa<\/h3>\n<!-- \/wp:heading --><!-- wp:paragraph -->\n<p>\u00a0<\/p>\n<!-- \/wp:paragraph --><\/div>\n\t\t\t\t<\/div>\n\t\t\t\t<\/div>\n\t\t\t\t\t\t<\/div>\n\t\t\t\t\t<\/div>\n\t\t<\/div>\n\t\t\t\t\t\t\t\t<\/div>\n\t\t\t\t\t<\/div>\n\t\t<\/section>\n\t\t\t\t\t\t<\/div>\n\t\t\t\t\t\t<\/div>\n\t\t\t\t\t<\/div>\n\t\t","protected":false},"excerpt":{"rendered":"<p>Kokonaisvaltainen opetus Nathalla opetetaan joogaa ja tantraa niiden perinteisess\u00e4 muodossa, henkisen\u00e4 polkuna. Opetuksen ytimess\u00e4 ovat vuosikurssimuotoiset, monivuotiset jooga- ja tantrakurssit, jotka sis\u00e4lt\u00e4v\u00e4t mm. Kurssit tarjoavat my\u00f6s tietoa henkisest\u00e4 el\u00e4m\u00e4ntavasta. Niihin kuuluvat esimerkiksi joogan puhdistustekniikat, ruokavalio ja erotiikka\u00a0osana henkist\u00e4 harjoitusta, sek\u00e4 monet muut joogan ja tantran perinteisiin kuuluvat menetelm\u00e4t. Monivuotinen opetus on ainutlaatuinen mahdollisuus todella syventy\u00e4 &hellip;<\/p>\n<p class=\"read-more\"> <a class=\"\" href=\"https:\/\/natha.fi\/wp2020\/jooga-ja-tantrakoulu-natha\/\"> <span class=\"screen-reader-text\">Jooga- ja Tantrakoulu Natha<\/span> Lue lis\u00e4\u00e4 &raquo;<\/a><\/p>\n","protected":false},"author":3,"featured_media":0,"parent":0,"menu_order":0,"comment_status":"closed","ping_status":"closed","template":"","meta":{"site-sidebar-layout":"default","site-content-layout":"default","ast-global-header-display":"","ast-banner-title-visibility":"","ast-main-header-display":"","ast-hfb-above-header-display":"","ast-hfb-below-header-display":"","ast-hfb-mobile-header-display":"","site-post-title":"","ast-breadcrumbs-content":"","ast-featured-img":"","footer-sml-layout":"","theme-transparent-header-meta":"","adv-header-id-meta":"","stick-header-meta":"","header-above-stick-meta":"","header-main-stick-meta":"","header-below-stick-meta":""},"_links":{"self":[{"href":"https:\/\/natha.fi\/wp2020\/wp-json\/wp\/v2\/pages\/4616"}],"collection":[{"href":"https:\/\/natha.fi\/wp2020\/wp-json\/wp\/v2\/pages"}],"about":[{"href":"https:\/\/natha.fi\/wp2020\/wp-json\/wp\/v2\/types\/page"}],"author":[{"embeddable":true,"href":"https:\/\/natha.fi\/wp2020\/wp-json\/wp\/v2\/users\/3"}],"replies":[{"embeddable":true,"href":"https:\/\/natha.fi\/wp2020\/wp-json\/wp\/v2\/comments?post=4616"}],"version-history":[{"count":12,"href":"https:\/\/natha.fi\/wp2020\/wp-json\/wp\/v2\/pages\/4616\/revisions"}],"predecessor-version":[{"id":11566,"href":"https:\/\/natha.fi\/wp2020\/wp-json\/wp\/v2\/pages\/4616\/revisions\/11566"}],"wp:attachment":[{"href":"https:\/\/natha.fi\/wp2020\/wp-json\/wp\/v2\/media?parent=4616"}],"curies":[{"name":"wp","href":"https:\/\/api.w.org\/{rel}","templated":true}]}}